{"id":423,"date":"2024-04-08T11:59:26","date_gmt":"2024-04-08T09:59:26","guid":{"rendered":"https:\/\/serredolciidee.com\/boulangerie\/"},"modified":"2024-05-20T11:20:00","modified_gmt":"2024-05-20T09:20:00","slug":"boulangerie","status":"publish","type":"page","link":"https:\/\/serredolciidee.com\/fr\/boulangerie\/","title":{"rendered":"Boulangerie"},"content":{"rendered":"<div class=\"gb-container gb-container-2e423574\">\n<div class=\"gb-container gb-container-fac10f74\">\n<div class=\"wp-block-image\">\n<figure class=\"aligncenter size-full is-resized\"><img decoding=\"async\" width=\"600\" height=\"578\" src=\"https:\/\/serredolciidee.com\/wp-content\/uploads\/2024\/04\/logo-dolciidee-b-1.png\" alt=\"logo-dolciidee-b\" class=\"wp-image-57\" style=\"width:250px\" srcset=\"https:\/\/serredolciidee.com\/wp-content\/uploads\/2024\/04\/logo-dolciidee-b-1.png 600w, https:\/\/serredolciidee.com\/wp-content\/uploads\/2024\/04\/logo-dolciidee-b-1-300x289.png 300w\" sizes=\"(max-width: 600px) 100vw, 600px\" \/><\/figure><\/div>\n\n\n<h1 class=\"gb-headline gb-headline-d6228c34 gb-headline-text\">Serre Dolci Idee: Pain chaud <\/h1>\n\n<\/div>\n<\/div><div class=\"gb-container gb-container-062d2b44\">\n\n<p>Le <strong>pain<\/strong>, depuis les vieux temps, pour nous, gens de montagne, repr\u00e9sente la vie et l\u2019amiti\u00e9. Les jeunes bergers avaient toujours un cro\u00fbton dans leurs poches et le pain quotidien des familles n\u2019\u00e9tait pas toujours frais ou m\u00eame pas de farine blanche, mais il donnait l\u2019accompagnement id\u00e9al \u00e0 chaque plat. <\/p>\n\n\n\n<p>De mon four sortent chaque jour diff\u00e9rents types de pain: miches, petits pains, pain de farine int\u00e9grale et beaucoup plus, tous pr\u00e9par\u00e9s avec la m\u00e9thode de la biga, un p\u00e9trissage de farine, eau, levain et un long repos pour obtenir un bon pain. Une de mes sp\u00e9cialit\u00e9s est la castellata, un pain avec levain naturel qui se conserve plusieurs jours. Il porte le nom antique du territoire de la <strong>haute Vall\u00e9e Varaita<\/strong>.<\/p>\n\n<\/div><div class=\"gb-container gb-container-d7a58e92\">\n<div class=\"gb-container gb-container-765c031d\" id=\"contact\">\n<div class=\"gb-container gb-container-406dcde9\">\n<div class=\"gb-grid-wrapper gb-grid-wrapper-6b873f42\">\n<div class=\"gb-grid-column gb-grid-column-225273a6\"><div class=\"gb-container gb-container-225273a6\">\n\n<h4 class=\"gb-headline gb-headline-2968f893\"><span class=\"gb-icon\"><svg xmlns=\"http:\/\/www.w3.org\/2000\/svg\" aria-hidden=\"true\" role=\"img\" height=\"1em\" width=\"1em\" viewbox=\"0 0 448 512\"><path fill=\"currentColor\" d=\"M148 288h-40c-6.6 0-12-5.4-12-12v-40c0-6.6 5.4-12 12-12h40c6.6 0 12 5.4 12 12v40c0 6.6-5.4 12-12 12zm108-12v-40c0-6.6-5.4-12-12-12h-40c-6.6 0-12 5.4-12 12v40c0 6.6 5.4 12 12 12h40c6.6 0 12-5.4 12-12zm96 0v-40c0-6.6-5.4-12-12-12h-40c-6.6 0-12 5.4-12 12v40c0 6.6 5.4 12 12 12h40c6.6 0 12-5.4 12-12zm-96 96v-40c0-6.6-5.4-12-12-12h-40c-6.6 0-12 5.4-12 12v40c0 6.6 5.4 12 12 12h40c6.6 0 12-5.4 12-12zm-96 0v-40c0-6.6-5.4-12-12-12h-40c-6.6 0-12 5.4-12 12v40c0 6.6 5.4 12 12 12h40c6.6 0 12-5.4 12-12zm192 0v-40c0-6.6-5.4-12-12-12h-40c-6.6 0-12 5.4-12 12v40c0 6.6 5.4 12 12 12h40c6.6 0 12-5.4 12-12zm96-260v352c0 26.5-21.5 48-48 48H48c-26.5 0-48-21.5-48-48V112c0-26.5 21.5-48 48-48h48V12c0-6.6 5.4-12 12-12h40c6.6 0 12 5.4 12 12v52h128V12c0-6.6 5.4-12 12-12h40c6.6 0 12 5.4 12 12v52h48c26.5 0 48 21.5 48 48zm-48 346V160H48v298c0 3.3 2.7 6 6 6h340c3.3 0 6-2.7 6-6z\"><\/path><\/svg><\/span><span class=\"gb-headline-text\">Voulez-vous commander du pain ?<\/span><\/h4>\n\n\n\n<p class=\"gb-headline gb-headline-3d68115f gb-headline-text\">Sandwiches, grissini, produits sal\u00e9s de comptoir et bien plus encore ! Vous pouvez nous contacter par t\u00e9l\u00e9phone ou nous \u00e9crire un email.<\/p>\n\n\n<div class=\"gb-container gb-container-c575b790\">\n\n<a class=\"gb-button gb-button-8716b586\" href=\"https:\/\/serredolciidee.com\/fr\/contacts\/\"><span class=\"gb-button-text\">R\u00e9serve<\/span><span class=\"gb-icon\"><svg xmlns=\"http:\/\/www.w3.org\/2000\/svg\" aria-hidden=\"true\" role=\"img\" height=\"1em\" width=\"1em\" viewbox=\"0 0 512 512\"><path fill=\"currentColor\" d=\"M464 64H48C21.49 64 0 85.49 0 112v288c0 26.51 21.49 48 48 48h416c26.51 0 48-21.49 48-48V112c0-26.51-21.49-48-48-48zm0 48v40.805c-22.422 18.259-58.168 46.651-134.587 106.49-16.841 13.247-50.201 45.072-73.413 44.701-23.208.375-56.579-31.459-73.413-44.701C106.18 199.465 70.425 171.067 48 152.805V112h416zM48 400V214.398c22.914 18.251 55.409 43.862 104.938 82.646 21.857 17.205 60.134 55.186 103.062 54.955 42.717.231 80.509-37.199 103.053-54.947 49.528-38.783 82.032-64.401 104.947-82.653V400H48z\"><\/path><\/svg><\/span><\/a>\n\n\n\n<a class=\"gb-button gb-button-4b7533d1\" href=\"tel:+390175950164\"><span class=\"gb-button-text\">T\u00e9l\u00e9phone<\/span><span class=\"gb-icon\"><svg xmlns=\"http:\/\/www.w3.org\/2000\/svg\" aria-hidden=\"true\" role=\"img\" height=\"1em\" width=\"1em\" viewbox=\"0 0 512 512\"><path fill=\"currentColor\" d=\"M493.4 24.6l-104-24c-11.3-2.6-22.9 3.3-27.5 13.9l-48 112c-4.2 9.8-1.4 21.3 6.9 28l60.6 49.6c-36 76.7-98.9 140.5-177.2 177.2l-49.6-60.6c-6.8-8.3-18.2-11.1-28-6.9l-112 48C3.9 366.5-2 378.1.6 389.4l24 104C27.1 504.2 36.7 512 48 512c256.1 0 464-207.5 464-464 0-11.2-7.7-20.9-18.6-23.4z\"><\/path><\/svg><\/span><\/a>\n\n<\/div>\n<\/div><\/div>\n<\/div>\n<\/div>\n<\/div>\n<\/div><div class=\"gb-container gb-container-de837ac2\">\n\n<div id=\"wp-block-themeisle-blocks-slider-df9b01df\" class=\"wp-block-themeisle-blocks-slider glide\" data-per-view=\"3\" data-gap=\"0\" data-peek=\"0\" data-autoplay=\"true\" data-height=\"500px\" data-hide-arrows=\"false\"><div class=\"glide__track\" data-glide-el=\"track\"><div class=\"glide__slides\"><div class=\"wp-block-themeisle-blocks-slider-item-wrapper glide__slide\" tabindex=\"0\"><figure><img decoding=\"async\" class=\"wp-block-themeisle-blocks-slider-item\" src=\"https:\/\/serredolciidee.com\/wp-content\/uploads\/2024\/05\/20240516_073549-scaled.jpg\" alt=\"\" title=\"\" data-id=\"991\"><\/figure><\/div><div class=\"wp-block-themeisle-blocks-slider-item-wrapper glide__slide\" tabindex=\"0\"><figure><img decoding=\"async\" class=\"wp-block-themeisle-blocks-slider-item\" src=\"https:\/\/serredolciidee.com\/wp-content\/uploads\/2024\/05\/IMG-20240516-WA0033.jpg\" alt=\"\" title=\"\" data-id=\"994\"><\/figure><\/div><div class=\"wp-block-themeisle-blocks-slider-item-wrapper glide__slide\" tabindex=\"0\"><figure><img decoding=\"async\" class=\"wp-block-themeisle-blocks-slider-item\" src=\"https:\/\/serredolciidee.com\/wp-content\/uploads\/2024\/05\/20240516_073942-scaled.jpg\" alt=\"\" title=\"\" data-id=\"997\"><\/figure><\/div><div class=\"wp-block-themeisle-blocks-slider-item-wrapper glide__slide\" tabindex=\"0\"><figure><img decoding=\"async\" class=\"wp-block-themeisle-blocks-slider-item\" src=\"https:\/\/serredolciidee.com\/wp-content\/uploads\/2024\/05\/20240516_073953-scaled.jpg\" alt=\"\" title=\"\" data-id=\"1000\"><\/figure><\/div><div class=\"wp-block-themeisle-blocks-slider-item-wrapper glide__slide\" tabindex=\"0\"><figure><img decoding=\"async\" class=\"wp-block-themeisle-blocks-slider-item\" src=\"https:\/\/serredolciidee.com\/wp-content\/uploads\/2024\/05\/20240516_074248-scaled.jpg\" alt=\"\" title=\"\" data-id=\"1003\"><\/figure><\/div><div class=\"wp-block-themeisle-blocks-slider-item-wrapper glide__slide\" tabindex=\"0\"><figure><img decoding=\"async\" class=\"wp-block-themeisle-blocks-slider-item\" src=\"https:\/\/serredolciidee.com\/wp-content\/uploads\/2024\/05\/20240516_074331-scaled.jpg\" alt=\"\" title=\"\" data-id=\"1006\"><\/figure><\/div><div class=\"wp-block-themeisle-blocks-slider-item-wrapper glide__slide\" tabindex=\"0\"><figure><img decoding=\"async\" class=\"wp-block-themeisle-blocks-slider-item\" src=\"https:\/\/serredolciidee.com\/wp-content\/uploads\/2024\/05\/20240516_073420-scaled.jpg\" alt=\"\" title=\"\" data-id=\"1009\"><\/figure><\/div><\/div><\/div><\/div>\n\n<\/div>","protected":false},"excerpt":{"rendered":"<p>Serre Dolci Idee: Pain chaud Le pain, depuis les vieux temps, pour nous, gens de montagne, repr\u00e9sente la vie et l\u2019amiti\u00e9. Les jeunes bergers avaient toujours un cro\u00fbton dans leurs poches et le pain quotidien des familles n\u2019\u00e9tait pas toujours frais ou m\u00eame pas de farine blanche, mais il donnait l\u2019accompagnement id\u00e9al \u00e0 chaque plat. &#8230; <a title=\"Boulangerie\" class=\"read-more\" href=\"https:\/\/serredolciidee.com\/fr\/boulangerie\/\" aria-label=\"Read more about Boulangerie\">Lire plus<\/a><\/p>\n","protected":false},"author":1,"featured_media":0,"parent":0,"menu_order":0,"comment_status":"closed","ping_status":"closed","template":"","meta":{"_themeisle_gutenberg_block_has_review":false,"footnotes":""},"class_list":["post-423","page","type-page","status-publish"],"yoast_head":"<!-- This site is optimized with the Yoast SEO plugin v22.7 - https:\/\/yoast.com\/wordpress\/plugins\/seo\/ -->\n<title>Boulangerie de Pontechianale - Serre Dolci Idee Valvaraita<\/title>\n<meta name=\"description\" content=\"Vos vacances \u00e0 Pontechianale ne sont pas compl\u00e8tes sans le pain frais et d\u00e9licieux de Gianfranco Serre. D\u00e9couvrez-le chez Dolci Idee !\" \/>\n<meta name=\"robots\" content=\"index, follow, max-snippet:-1, max-image-preview:large, max-video-preview:-1\" \/>\n<link rel=\"canonical\" href=\"https:\/\/serredolciidee.com\/fr\/boulangerie\/\" \/>\n<meta property=\"og:locale\" content=\"fr_FR\" \/>\n<meta property=\"og:type\" content=\"article\" \/>\n<meta property=\"og:title\" content=\"Boulangerie de Pontechianale - Serre Dolci Idee Valvaraita\" \/>\n<meta property=\"og:description\" content=\"Vos vacances \u00e0 Pontechianale ne sont pas compl\u00e8tes sans le pain frais et d\u00e9licieux de Gianfranco Serre. D\u00e9couvrez-le chez Dolci Idee !\" \/>\n<meta property=\"og:url\" content=\"https:\/\/serredolciidee.com\/fr\/boulangerie\/\" \/>\n<meta property=\"og:site_name\" content=\"Serre Dolci Idee\" \/>\n<meta property=\"article:publisher\" content=\"https:\/\/www.facebook.com\/dolciideepontechianale\/\" \/>\n<meta property=\"article:modified_time\" content=\"2024-05-20T09:20:00+00:00\" \/>\n<meta property=\"og:image\" content=\"https:\/\/serredolciidee.com\/wp-content\/uploads\/2024\/04\/logo-dolciidee-b-1.png\" \/>\n<meta name=\"twitter:card\" content=\"summary_large_image\" \/>\n<meta name=\"twitter:label1\" content=\"Dur\u00e9e de lecture estim\u00e9e\" \/>\n\t<meta name=\"twitter:data1\" content=\"3 minutes\" \/>\n<script type=\"application\/ld+json\" class=\"yoast-schema-graph\">{\"@context\":\"https:\/\/schema.org\",\"@graph\":[{\"@type\":\"WebPage\",\"@id\":\"https:\/\/serredolciidee.com\/fr\/boulangerie\/\",\"url\":\"https:\/\/serredolciidee.com\/fr\/boulangerie\/\",\"name\":\"Boulangerie de Pontechianale - Serre Dolci Idee Valvaraita\",\"isPartOf\":{\"@id\":\"https:\/\/serredolciidee.com\/fr\/#website\"},\"primaryImageOfPage\":{\"@id\":\"https:\/\/serredolciidee.com\/fr\/boulangerie\/#primaryimage\"},\"image\":{\"@id\":\"https:\/\/serredolciidee.com\/fr\/boulangerie\/#primaryimage\"},\"thumbnailUrl\":\"https:\/\/serredolciidee.com\/wp-content\/uploads\/2024\/04\/logo-dolciidee-b-1.png\",\"datePublished\":\"2024-04-08T09:59:26+00:00\",\"dateModified\":\"2024-05-20T09:20:00+00:00\",\"description\":\"Vos vacances \u00e0 Pontechianale ne sont pas compl\u00e8tes sans le pain frais et d\u00e9licieux de Gianfranco Serre. D\u00e9couvrez-le chez Dolci Idee !\",\"breadcrumb\":{\"@id\":\"https:\/\/serredolciidee.com\/fr\/boulangerie\/#breadcrumb\"},\"inLanguage\":\"fr-FR\",\"potentialAction\":[{\"@type\":\"ReadAction\",\"target\":[\"https:\/\/serredolciidee.com\/fr\/boulangerie\/\"]}]},{\"@type\":\"ImageObject\",\"inLanguage\":\"fr-FR\",\"@id\":\"https:\/\/serredolciidee.com\/fr\/boulangerie\/#primaryimage\",\"url\":\"https:\/\/serredolciidee.com\/wp-content\/uploads\/2024\/04\/logo-dolciidee-b-1.png\",\"contentUrl\":\"https:\/\/serredolciidee.com\/wp-content\/uploads\/2024\/04\/logo-dolciidee-b-1.png\"},{\"@type\":\"BreadcrumbList\",\"@id\":\"https:\/\/serredolciidee.com\/fr\/boulangerie\/#breadcrumb\",\"itemListElement\":[{\"@type\":\"ListItem\",\"position\":1,\"name\":\"Home\",\"item\":\"https:\/\/serredolciidee.com\/fr\/\"},{\"@type\":\"ListItem\",\"position\":2,\"name\":\"Boulangerie\"}]},{\"@type\":\"WebSite\",\"@id\":\"https:\/\/serredolciidee.com\/fr\/#website\",\"url\":\"https:\/\/serredolciidee.com\/fr\/\",\"name\":\"Serre Dolci Idee\",\"description\":\"Panetteria &amp; Pasticceria Pontechianale\",\"publisher\":{\"@id\":\"https:\/\/serredolciidee.com\/fr\/#organization\"},\"potentialAction\":[{\"@type\":\"SearchAction\",\"target\":{\"@type\":\"EntryPoint\",\"urlTemplate\":\"https:\/\/serredolciidee.com\/fr\/?s={search_term_string}\"},\"query-input\":\"required name=search_term_string\"}],\"inLanguage\":\"fr-FR\"},{\"@type\":\"Organization\",\"@id\":\"https:\/\/serredolciidee.com\/fr\/#organization\",\"name\":\"Dolci Idee di Gianfranco Serre\",\"url\":\"https:\/\/serredolciidee.com\/fr\/\",\"logo\":{\"@type\":\"ImageObject\",\"inLanguage\":\"fr-FR\",\"@id\":\"https:\/\/serredolciidee.com\/fr\/#\/schema\/logo\/image\/\",\"url\":\"https:\/\/serredolciidee.com\/wp-content\/uploads\/2024\/04\/icona.png\",\"contentUrl\":\"https:\/\/serredolciidee.com\/wp-content\/uploads\/2024\/04\/icona.png\",\"width\":500,\"height\":429,\"caption\":\"Dolci Idee di Gianfranco Serre\"},\"image\":{\"@id\":\"https:\/\/serredolciidee.com\/fr\/#\/schema\/logo\/image\/\"},\"sameAs\":[\"https:\/\/www.facebook.com\/dolciideepontechianale\/\"]}]}<\/script>\n<!-- \/ Yoast SEO plugin. -->","yoast_head_json":{"title":"Boulangerie de Pontechianale - Serre Dolci Idee Valvaraita","description":"Vos vacances \u00e0 Pontechianale ne sont pas compl\u00e8tes sans le pain frais et d\u00e9licieux de Gianfranco Serre. D\u00e9couvrez-le chez Dolci Idee !","robots":{"index":"index","follow":"follow","max-snippet":"max-snippet:-1","max-image-preview":"max-image-preview:large","max-video-preview":"max-video-preview:-1"},"canonical":"https:\/\/serredolciidee.com\/fr\/boulangerie\/","og_locale":"fr_FR","og_type":"article","og_title":"Boulangerie de Pontechianale - Serre Dolci Idee Valvaraita","og_description":"Vos vacances \u00e0 Pontechianale ne sont pas compl\u00e8tes sans le pain frais et d\u00e9licieux de Gianfranco Serre. D\u00e9couvrez-le chez Dolci Idee !","og_url":"https:\/\/serredolciidee.com\/fr\/boulangerie\/","og_site_name":"Serre Dolci Idee","article_publisher":"https:\/\/www.facebook.com\/dolciideepontechianale\/","article_modified_time":"2024-05-20T09:20:00+00:00","og_image":[{"url":"https:\/\/serredolciidee.com\/wp-content\/uploads\/2024\/04\/logo-dolciidee-b-1.png"}],"twitter_card":"summary_large_image","twitter_misc":{"Dur\u00e9e de lecture estim\u00e9e":"3 minutes"},"schema":{"@context":"https:\/\/schema.org","@graph":[{"@type":"WebPage","@id":"https:\/\/serredolciidee.com\/fr\/boulangerie\/","url":"https:\/\/serredolciidee.com\/fr\/boulangerie\/","name":"Boulangerie de Pontechianale - Serre Dolci Idee Valvaraita","isPartOf":{"@id":"https:\/\/serredolciidee.com\/fr\/#website"},"primaryImageOfPage":{"@id":"https:\/\/serredolciidee.com\/fr\/boulangerie\/#primaryimage"},"image":{"@id":"https:\/\/serredolciidee.com\/fr\/boulangerie\/#primaryimage"},"thumbnailUrl":"https:\/\/serredolciidee.com\/wp-content\/uploads\/2024\/04\/logo-dolciidee-b-1.png","datePublished":"2024-04-08T09:59:26+00:00","dateModified":"2024-05-20T09:20:00+00:00","description":"Vos vacances \u00e0 Pontechianale ne sont pas compl\u00e8tes sans le pain frais et d\u00e9licieux de Gianfranco Serre. D\u00e9couvrez-le chez Dolci Idee !","breadcrumb":{"@id":"https:\/\/serredolciidee.com\/fr\/boulangerie\/#breadcrumb"},"inLanguage":"fr-FR","potentialAction":[{"@type":"ReadAction","target":["https:\/\/serredolciidee.com\/fr\/boulangerie\/"]}]},{"@type":"ImageObject","inLanguage":"fr-FR","@id":"https:\/\/serredolciidee.com\/fr\/boulangerie\/#primaryimage","url":"https:\/\/serredolciidee.com\/wp-content\/uploads\/2024\/04\/logo-dolciidee-b-1.png","contentUrl":"https:\/\/serredolciidee.com\/wp-content\/uploads\/2024\/04\/logo-dolciidee-b-1.png"},{"@type":"BreadcrumbList","@id":"https:\/\/serredolciidee.com\/fr\/boulangerie\/#breadcrumb","itemListElement":[{"@type":"ListItem","position":1,"name":"Home","item":"https:\/\/serredolciidee.com\/fr\/"},{"@type":"ListItem","position":2,"name":"Boulangerie"}]},{"@type":"WebSite","@id":"https:\/\/serredolciidee.com\/fr\/#website","url":"https:\/\/serredolciidee.com\/fr\/","name":"Serre Dolci Idee","description":"Panetteria &amp; Pasticceria Pontechianale","publisher":{"@id":"https:\/\/serredolciidee.com\/fr\/#organization"},"potentialAction":[{"@type":"SearchAction","target":{"@type":"EntryPoint","urlTemplate":"https:\/\/serredolciidee.com\/fr\/?s={search_term_string}"},"query-input":"required name=search_term_string"}],"inLanguage":"fr-FR"},{"@type":"Organization","@id":"https:\/\/serredolciidee.com\/fr\/#organization","name":"Dolci Idee di Gianfranco Serre","url":"https:\/\/serredolciidee.com\/fr\/","logo":{"@type":"ImageObject","inLanguage":"fr-FR","@id":"https:\/\/serredolciidee.com\/fr\/#\/schema\/logo\/image\/","url":"https:\/\/serredolciidee.com\/wp-content\/uploads\/2024\/04\/icona.png","contentUrl":"https:\/\/serredolciidee.com\/wp-content\/uploads\/2024\/04\/icona.png","width":500,"height":429,"caption":"Dolci Idee di Gianfranco Serre"},"image":{"@id":"https:\/\/serredolciidee.com\/fr\/#\/schema\/logo\/image\/"},"sameAs":["https:\/\/www.facebook.com\/dolciideepontechianale\/"]}]}},"_links":{"self":[{"href":"https:\/\/serredolciidee.com\/fr\/wp-json\/wp\/v2\/pages\/423","targetHints":{"allow":["GET"]}}],"collection":[{"href":"https:\/\/serredolciidee.com\/fr\/wp-json\/wp\/v2\/pages"}],"about":[{"href":"https:\/\/serredolciidee.com\/fr\/wp-json\/wp\/v2\/types\/page"}],"author":[{"embeddable":true,"href":"https:\/\/serredolciidee.com\/fr\/wp-json\/wp\/v2\/users\/1"}],"replies":[{"embeddable":true,"href":"https:\/\/serredolciidee.com\/fr\/wp-json\/wp\/v2\/comments?post=423"}],"version-history":[{"count":17,"href":"https:\/\/serredolciidee.com\/fr\/wp-json\/wp\/v2\/pages\/423\/revisions"}],"predecessor-version":[{"id":1022,"href":"https:\/\/serredolciidee.com\/fr\/wp-json\/wp\/v2\/pages\/423\/revisions\/1022"}],"wp:attachment":[{"href":"https:\/\/serredolciidee.com\/fr\/wp-json\/wp\/v2\/media?parent=423"}],"curies":[{"name":"wp","href":"https:\/\/api.w.org\/{rel}","templated":true}]}}